{"id":23,"date":"2021-02-09T13:52:54","date_gmt":"2021-02-09T12:52:54","guid":{"rendered":"https:\/\/wpmsweden.se\/?page_id=23"},"modified":"2024-02-22T15:48:23","modified_gmt":"2024-02-22T14:48:23","slug":"contact","status":"publish","type":"page","link":"https:\/\/wpmsweden.se\/fi\/contact","title":{"rendered":"Yhteystiedot"},"content":{"rendered":"<div data-elementor-type=\"wp-page\" data-elementor-id=\"23\" class=\"elementor elementor-23\" data-elementor-post-type=\"page\">\n\t\t\t\t\t\t<section class=\"elementor-section elementor-top-section elementor-element elementor-element-87f282c elementor-section-height-min-height elementor-section-boxed elementor-section-height-default elementor-section-items-middle\" data-id=\"87f282c\" data-element_type=\"section\" data-e-type=\"section\" data-settings=\"{&quot;background_background&quot;:&quot;classic&quot;}\">\n\t\t\t\t\t\t\t<div class=\"elementor-background-overlay\"><\/div>\n\t\t\t\t\t\t\t<div class=\"elementor-container elementor-column-gap-default\">\n\t\t\t\t\t<div class=\"elementor-column elementor-col-100 elementor-top-column elementor-element elementor-element-2ab07b4f\" data-id=\"2ab07b4f\" data-element_type=\"column\" data-e-type=\"column\">\n\t\t\t<div class=\"elementor-widget-wrap elementor-element-populated\">\n\t\t\t\t\t\t<div class=\"elementor-element elementor-element-605ea244 elementor-widget elementor-widget-heading\" data-id=\"605ea244\" data-element_type=\"widget\" data-e-type=\"widget\" data-widget_type=\"heading.default\">\n\t\t\t\t<div class=\"elementor-widget-container\">\n\t\t\t\t\t<h2 class=\"elementor-heading-title elementor-size-large\">Yhteystiedot ja kuinka l\u00f6yd\u00e4t meid\u00e4t<\/h2>\t\t\t\t<\/div>\n\t\t\t\t<\/div>\n\t\t\t\t<div class=\"elementor-element elementor-element-b93a168 elementor-icon-list--layout-inline elementor-align-center elementor-list-item-link-full_width elementor-widget elementor-widget-icon-list\" data-id=\"b93a168\" data-element_type=\"widget\" data-e-type=\"widget\" data-widget_type=\"icon-list.default\">\n\t\t\t\t<div class=\"elementor-widget-container\">\n\t\t\t\t\t\t\t<ul class=\"elementor-icon-list-items elementor-inline-items\">\n\t\t\t\t\t\t\t<li class=\"elementor-icon-list-item elementor-inline-item\">\n\t\t\t\t\t\t\t\t\t\t\t<span class=\"elementor-icon-list-icon\">\n\t\t\t\t\t\t\t<i aria-hidden=\"true\" class=\"fas fa-headset\"><\/i>\t\t\t\t\t\t<\/span>\n\t\t\t\t\t\t\t\t\t\t<span class=\"elementor-icon-list-text\">+46 35 101 400<\/span>\n\t\t\t\t\t\t\t\t\t<\/li>\n\t\t\t\t\t\t\t\t<li class=\"elementor-icon-list-item elementor-inline-item\">\n\t\t\t\t\t\t\t\t\t\t\t<a href=\"mailto:info@wpmsweden.se\">\n\n\t\t\t\t\t\t\t\t\t\t\t\t<span class=\"elementor-icon-list-icon\">\n\t\t\t\t\t\t\t<i aria-hidden=\"true\" class=\"fas fa-envelope\"><\/i>\t\t\t\t\t\t<\/span>\n\t\t\t\t\t\t\t\t\t\t<span class=\"elementor-icon-list-text\">info@wpmsweden.se<\/span>\n\t\t\t\t\t\t\t\t\t\t\t<\/a>\n\t\t\t\t\t\t\t\t\t<\/li>\n\t\t\t\t\t\t<\/ul>\n\t\t\t\t\t\t<\/div>\n\t\t\t\t<\/div>\n\t\t\t\t<div class=\"elementor-element elementor-element-2be8886 elementor-icon-list--layout-inline elementor-align-center elementor-list-item-link-full_width elementor-widget elementor-widget-icon-list\" data-id=\"2be8886\" data-element_type=\"widget\" data-e-type=\"widget\" data-widget_type=\"icon-list.default\">\n\t\t\t\t<div class=\"elementor-widget-container\">\n\t\t\t\t\t\t\t<ul class=\"elementor-icon-list-items elementor-inline-items\">\n\t\t\t\t\t\t\t<li class=\"elementor-icon-list-item elementor-inline-item\">\n\t\t\t\t\t\t\t\t\t\t\t<span class=\"elementor-icon-list-icon\">\n\t\t\t\t\t\t\t<i aria-hidden=\"true\" class=\"fas fa-location-arrow\"><\/i>\t\t\t\t\t\t<\/span>\n\t\t\t\t\t\t\t\t\t\t<span class=\"elementor-icon-list-text\">Seldonsv\u00e4gen 8, 302 62 Halmstad<\/span>\n\t\t\t\t\t\t\t\t\t<\/li>\n\t\t\t\t\t\t<\/ul>\n\t\t\t\t\t\t<\/div>\n\t\t\t\t<\/div>\n\t\t\t\t\t<\/div>\n\t\t<\/div>\n\t\t\t\t\t<\/div>\n\t\t<\/section>\n\t\t\t\t<section class=\"elementor-section elementor-top-section elementor-element elementor-element-de96de7 elementor-section-full_width elementor-section-height-default elementor-section-height-default\" data-id=\"de96de7\" data-element_type=\"section\" data-e-type=\"section\">\n\t\t\t\t\t\t<div class=\"elementor-container elementor-column-gap-default\">\n\t\t\t\t\t<div class=\"elementor-column elementor-col-100 elementor-top-column elementor-element elementor-element-0f13e7c\" data-id=\"0f13e7c\" data-element_type=\"column\" data-e-type=\"column\">\n\t\t\t<div class=\"elementor-widget-wrap elementor-element-populated\">\n\t\t\t\t\t\t<div class=\"elementor-element elementor-element-3d4ac1e6 elementor-widget elementor-widget-google_maps\" data-id=\"3d4ac1e6\" data-element_type=\"widget\" data-e-type=\"widget\" data-widget_type=\"google_maps.default\">\n\t\t\t\t<div class=\"elementor-widget-container\">\n\t\t\t\t\t\t\t<div class=\"elementor-custom-embed\">\n\t\t\t<iframe loading=\"lazy\"\n\t\t\t\t\tsrc=\"https:\/\/maps.google.com\/maps?q=Seldonsv%C3%A4gen%208%2C%20302%2062%20Halmstad&#038;t=m&#038;z=14&#038;output=embed&#038;iwloc=near\"\n\t\t\t\t\ttitle=\"Seldonsv\u00e4gen 8, 302 62 Halmstad\"\n\t\t\t\t\taria-label=\"Seldonsv\u00e4gen 8, 302 62 Halmstad\"\n\t\t\t><\/iframe>\n\t\t<\/div>\n\t\t\t\t\t\t<\/div>\n\t\t\t\t<\/div>\n\t\t\t\t\t<\/div>\n\t\t<\/div>\n\t\t\t\t\t<\/div>\n\t\t<\/section>\n\t\t\t\t<section class=\"elementor-section elementor-top-section elementor-element elementor-element-a68a10b elementor-section-content-middle elementor-section-boxed elementor-section-height-default elementor-section-height-default\" data-id=\"a68a10b\" data-element_type=\"section\" data-e-type=\"section\">\n\t\t\t\t\t\t<div class=\"elementor-container elementor-column-gap-no\">\n\t\t\t\t\t<div class=\"elementor-column elementor-col-100 elementor-top-column elementor-element elementor-element-5e43478\" data-id=\"5e43478\" data-element_type=\"column\" data-e-type=\"column\">\n\t\t\t<div class=\"elementor-widget-wrap elementor-element-populated\">\n\t\t\t\t\t\t<section class=\"elementor-section elementor-inner-section elementor-element elementor-element-446d1b38 elementor-section-content-middle elementor-section-boxed elementor-section-height-default elementor-section-height-default\" data-id=\"446d1b38\" data-element_type=\"section\" data-e-type=\"section\">\n\t\t\t\t\t\t<div class=\"elementor-container elementor-column-gap-default\">\n\t\t\t\t\t<div class=\"elementor-column elementor-col-33 elementor-inner-column elementor-element elementor-element-2b14dc4a\" data-id=\"2b14dc4a\" data-element_type=\"column\" data-e-type=\"column\">\n\t\t\t<div class=\"elementor-widget-wrap elementor-element-populated\">\n\t\t\t\t\t\t<div class=\"elementor-element elementor-element-7c9496 elementor-widget elementor-widget-heading\" data-id=\"7c9496\" data-element_type=\"widget\" data-e-type=\"widget\" data-widget_type=\"heading.default\">\n\t\t\t\t<div class=\"elementor-widget-container\">\n\t\t\t\t\t<h6 class=\"elementor-heading-title elementor-size-default\">Purchase<\/h6>\t\t\t\t<\/div>\n\t\t\t\t<\/div>\n\t\t\t\t<div class=\"elementor-element elementor-element-3f3783f4 elementor-widget elementor-widget-heading\" data-id=\"3f3783f4\" data-element_type=\"widget\" data-e-type=\"widget\" data-widget_type=\"heading.default\">\n\t\t\t\t<div class=\"elementor-widget-container\">\n\t\t\t\t\t<h2 class=\"elementor-heading-title elementor-size-default\">Stefan Trotzig<\/h2>\t\t\t\t<\/div>\n\t\t\t\t<\/div>\n\t\t\t\t<div class=\"elementor-element elementor-element-c395240 elementor-widget elementor-widget-image\" data-id=\"c395240\" data-element_type=\"widget\" data-e-type=\"widget\" data-widget_type=\"image.default\">\n\t\t\t\t<div class=\"elementor-widget-container\">\n\t\t\t\t\t\t\t\t\t\t\t\t\t\t\t<img decoding=\"async\" width=\"38\" height=\"12\" src=\"https:\/\/wpmsweden.se\/wp-content\/uploads\/2022\/04\/sv_en.png\" class=\"attachment-large size-large wp-image-1221\" alt=\"\" srcset=\"https:\/\/wpmsweden.se\/wp-content\/uploads\/2022\/04\/sv_en.png 38w, https:\/\/wpmsweden.se\/wp-content\/uploads\/2022\/04\/sv_en-18x6.png 18w\" sizes=\"(max-width: 38px) 100vw, 38px\" \/>\t\t\t\t\t\t\t\t\t\t\t\t\t\t\t<\/div>\n\t\t\t\t<\/div>\n\t\t\t\t<div class=\"elementor-element elementor-element-804e3b8 elementor-widget elementor-widget-text-editor\" data-id=\"804e3b8\" data-element_type=\"widget\" data-e-type=\"widget\" data-widget_type=\"text-editor.default\">\n\t\t\t\t<div class=\"elementor-widget-container\">\n\t\t\t\t\t\t\t\t\t<p><a href=\"mailto:st@wpmsweden.se\">st@wpmsweden.se<\/a><\/p><p>+46 708 200 065<\/p>\t\t\t\t\t\t\t\t<\/div>\n\t\t\t\t<\/div>\n\t\t\t\t\t<\/div>\n\t\t<\/div>\n\t\t\t\t<div class=\"elementor-column elementor-col-33 elementor-inner-column elementor-element elementor-element-01e0bfe\" data-id=\"01e0bfe\" data-element_type=\"column\" data-e-type=\"column\">\n\t\t\t<div class=\"elementor-widget-wrap elementor-element-populated\">\n\t\t\t\t\t\t<div class=\"elementor-element elementor-element-dcb68a0 elementor-widget elementor-widget-heading\" data-id=\"dcb68a0\" data-element_type=\"widget\" data-e-type=\"widget\" data-widget_type=\"heading.default\">\n\t\t\t\t<div class=\"elementor-widget-container\">\n\t\t\t\t\t<h6 class=\"elementor-heading-title elementor-size-default\">Service<\/h6>\t\t\t\t<\/div>\n\t\t\t\t<\/div>\n\t\t\t\t<div class=\"elementor-element elementor-element-774e760 elementor-widget elementor-widget-heading\" data-id=\"774e760\" data-element_type=\"widget\" data-e-type=\"widget\" data-widget_type=\"heading.default\">\n\t\t\t\t<div class=\"elementor-widget-container\">\n\t\t\t\t\t<h2 class=\"elementor-heading-title elementor-size-default\">Tomas Olsson<\/h2>\t\t\t\t<\/div>\n\t\t\t\t<\/div>\n\t\t\t\t<div class=\"elementor-element elementor-element-4e2413f elementor-widget elementor-widget-image\" data-id=\"4e2413f\" data-element_type=\"widget\" data-e-type=\"widget\" data-widget_type=\"image.default\">\n\t\t\t\t<div class=\"elementor-widget-container\">\n\t\t\t\t\t\t\t\t\t\t\t\t\t\t\t<img decoding=\"async\" width=\"38\" height=\"12\" src=\"https:\/\/wpmsweden.se\/wp-content\/uploads\/2022\/04\/sv_en.png\" class=\"attachment-large size-large wp-image-1221\" alt=\"\" srcset=\"https:\/\/wpmsweden.se\/wp-content\/uploads\/2022\/04\/sv_en.png 38w, https:\/\/wpmsweden.se\/wp-content\/uploads\/2022\/04\/sv_en-18x6.png 18w\" sizes=\"(max-width: 38px) 100vw, 38px\" \/>\t\t\t\t\t\t\t\t\t\t\t\t\t\t\t<\/div>\n\t\t\t\t<\/div>\n\t\t\t\t<div class=\"elementor-element elementor-element-924b9d9 elementor-widget elementor-widget-text-editor\" data-id=\"924b9d9\" data-element_type=\"widget\" data-e-type=\"widget\" data-widget_type=\"text-editor.default\">\n\t\t\t\t<div class=\"elementor-widget-container\">\n\t\t\t\t\t\t\t\t\t<p><a href=\"mailto:to@wpmsweden.se\">to@wpmsweden.se<\/a><\/p><p>+46 730 438 283<\/p>\t\t\t\t\t\t\t\t<\/div>\n\t\t\t\t<\/div>\n\t\t\t\t\t<\/div>\n\t\t<\/div>\n\t\t\t\t<div class=\"elementor-column elementor-col-33 elementor-inner-column elementor-element elementor-element-319ab3a\" data-id=\"319ab3a\" data-element_type=\"column\" data-e-type=\"column\">\n\t\t\t<div class=\"elementor-widget-wrap elementor-element-populated\">\n\t\t\t\t\t\t<div class=\"elementor-element elementor-element-1241e11 elementor-widget elementor-widget-heading\" data-id=\"1241e11\" data-element_type=\"widget\" data-e-type=\"widget\" data-widget_type=\"heading.default\">\n\t\t\t\t<div class=\"elementor-widget-container\">\n\t\t\t\t\t<h6 class=\"elementor-heading-title elementor-size-default\">Marketing &amp; Sales<\/h6>\t\t\t\t<\/div>\n\t\t\t\t<\/div>\n\t\t\t\t<div class=\"elementor-element elementor-element-2b34a75 elementor-widget elementor-widget-heading\" data-id=\"2b34a75\" data-element_type=\"widget\" data-e-type=\"widget\" data-widget_type=\"heading.default\">\n\t\t\t\t<div class=\"elementor-widget-container\">\n\t\t\t\t\t<h2 class=\"elementor-heading-title elementor-size-default\">Peter Larsson, <small>Managing Director\/CEO<\/small><\/h2>\t\t\t\t<\/div>\n\t\t\t\t<\/div>\n\t\t\t\t<div class=\"elementor-element elementor-element-75bb9f2 elementor-widget elementor-widget-image\" data-id=\"75bb9f2\" data-element_type=\"widget\" data-e-type=\"widget\" data-widget_type=\"image.default\">\n\t\t\t\t<div class=\"elementor-widget-container\">\n\t\t\t\t\t\t\t\t\t\t\t\t\t\t\t<img decoding=\"async\" width=\"58\" height=\"12\" src=\"https:\/\/wpmsweden.se\/wp-content\/uploads\/2022\/04\/sv_en_de.png\" class=\"attachment-large size-large wp-image-1220\" alt=\"\" srcset=\"https:\/\/wpmsweden.se\/wp-content\/uploads\/2022\/04\/sv_en_de.png 58w, https:\/\/wpmsweden.se\/wp-content\/uploads\/2022\/04\/sv_en_de-18x4.png 18w\" sizes=\"(max-width: 58px) 100vw, 58px\" \/>\t\t\t\t\t\t\t\t\t\t\t\t\t\t\t<\/div>\n\t\t\t\t<\/div>\n\t\t\t\t<div class=\"elementor-element elementor-element-c99cd0d elementor-widget elementor-widget-text-editor\" data-id=\"c99cd0d\" data-element_type=\"widget\" data-e-type=\"widget\" data-widget_type=\"text-editor.default\">\n\t\t\t\t<div class=\"elementor-widget-container\">\n\t\t\t\t\t\t\t\t\t<p><a href=\"mailto:pl@wpmsweden.se\">pl@wpmsweden.se<\/a><\/p><p>+46 708 207 057<\/p>\t\t\t\t\t\t\t\t<\/div>\n\t\t\t\t<\/div>\n\t\t\t\t\t<\/div>\n\t\t<\/div>\n\t\t\t\t\t<\/div>\n\t\t<\/section>\n\t\t\t\t<section class=\"elementor-section elementor-inner-section elementor-element elementor-element-317f6f4 elementor-section-content-middle elementor-section-boxed elementor-section-height-default elementor-section-height-default\" data-id=\"317f6f4\" data-element_type=\"section\" data-e-type=\"section\">\n\t\t\t\t\t\t<div class=\"elementor-container elementor-column-gap-default\">\n\t\t\t\t\t<div class=\"elementor-column elementor-col-33 elementor-inner-column elementor-element elementor-element-0235008\" data-id=\"0235008\" data-element_type=\"column\" data-e-type=\"column\">\n\t\t\t<div class=\"elementor-widget-wrap elementor-element-populated\">\n\t\t\t\t\t\t<div class=\"elementor-element elementor-element-18cfc77 elementor-widget elementor-widget-heading\" data-id=\"18cfc77\" data-element_type=\"widget\" data-e-type=\"widget\" data-widget_type=\"heading.default\">\n\t\t\t\t<div class=\"elementor-widget-container\">\n\t\t\t\t\t<h6 class=\"elementor-heading-title elementor-size-default\">Sales \u2013 SUOMI<\/h6>\t\t\t\t<\/div>\n\t\t\t\t<\/div>\n\t\t\t\t<div class=\"elementor-element elementor-element-d346165 elementor-widget elementor-widget-heading\" data-id=\"d346165\" data-element_type=\"widget\" data-e-type=\"widget\" data-widget_type=\"heading.default\">\n\t\t\t\t<div class=\"elementor-widget-container\">\n\t\t\t\t\t<h2 class=\"elementor-heading-title elementor-size-default\">Peter Larsson<\/h2>\t\t\t\t<\/div>\n\t\t\t\t<\/div>\n\t\t\t\t<div class=\"elementor-element elementor-element-d42cd5e elementor-widget elementor-widget-image\" data-id=\"d42cd5e\" data-element_type=\"widget\" data-e-type=\"widget\" data-widget_type=\"image.default\">\n\t\t\t\t<div class=\"elementor-widget-container\">\n\t\t\t\t\t\t\t\t\t\t\t\t\t\t\t<img decoding=\"async\" width=\"58\" height=\"12\" src=\"https:\/\/wpmsweden.se\/wp-content\/uploads\/2022\/04\/sv_en_de.png\" class=\"attachment-large size-large wp-image-1220\" alt=\"\" srcset=\"https:\/\/wpmsweden.se\/wp-content\/uploads\/2022\/04\/sv_en_de.png 58w, https:\/\/wpmsweden.se\/wp-content\/uploads\/2022\/04\/sv_en_de-18x4.png 18w\" sizes=\"(max-width: 58px) 100vw, 58px\" \/>\t\t\t\t\t\t\t\t\t\t\t\t\t\t\t<\/div>\n\t\t\t\t<\/div>\n\t\t\t\t<div class=\"elementor-element elementor-element-1a19593 elementor-widget elementor-widget-text-editor\" data-id=\"1a19593\" data-element_type=\"widget\" data-e-type=\"widget\" data-widget_type=\"text-editor.default\">\n\t\t\t\t<div class=\"elementor-widget-container\">\n\t\t\t\t\t\t\t\t\t<p><a href=\"mailto:pl@wpmsweden.se\">pl@wpmsweden.se<\/a><\/p><p>+46 708 207 057<\/p>\t\t\t\t\t\t\t\t<\/div>\n\t\t\t\t<\/div>\n\t\t\t\t\t<\/div>\n\t\t<\/div>\n\t\t\t\t<div class=\"elementor-column elementor-col-33 elementor-inner-column elementor-element elementor-element-b3f2061\" data-id=\"b3f2061\" data-element_type=\"column\" data-e-type=\"column\">\n\t\t\t<div class=\"elementor-widget-wrap elementor-element-populated\">\n\t\t\t\t\t\t<div class=\"elementor-element elementor-element-41bcd7f elementor-widget elementor-widget-heading\" data-id=\"41bcd7f\" data-element_type=\"widget\" data-e-type=\"widget\" data-widget_type=\"heading.default\">\n\t\t\t\t<div class=\"elementor-widget-container\">\n\t\t\t\t\t<h6 class=\"elementor-heading-title elementor-size-default\">Project Manager<\/h6>\t\t\t\t<\/div>\n\t\t\t\t<\/div>\n\t\t\t\t<div class=\"elementor-element elementor-element-efdeebd elementor-widget elementor-widget-heading\" data-id=\"efdeebd\" data-element_type=\"widget\" data-e-type=\"widget\" data-widget_type=\"heading.default\">\n\t\t\t\t<div class=\"elementor-widget-container\">\n\t\t\t\t\t<h2 class=\"elementor-heading-title elementor-size-default\">Marcus Olsson<\/h2>\t\t\t\t<\/div>\n\t\t\t\t<\/div>\n\t\t\t\t<div class=\"elementor-element elementor-element-acc19da elementor-widget elementor-widget-image\" data-id=\"acc19da\" data-element_type=\"widget\" data-e-type=\"widget\" data-widget_type=\"image.default\">\n\t\t\t\t<div class=\"elementor-widget-container\">\n\t\t\t\t\t\t\t\t\t\t\t\t\t\t\t<img decoding=\"async\" width=\"38\" height=\"12\" src=\"https:\/\/wpmsweden.se\/wp-content\/uploads\/2022\/04\/sv_en.png\" class=\"attachment-large size-large wp-image-1221\" alt=\"\" srcset=\"https:\/\/wpmsweden.se\/wp-content\/uploads\/2022\/04\/sv_en.png 38w, https:\/\/wpmsweden.se\/wp-content\/uploads\/2022\/04\/sv_en-18x6.png 18w\" sizes=\"(max-width: 38px) 100vw, 38px\" \/>\t\t\t\t\t\t\t\t\t\t\t\t\t\t\t<\/div>\n\t\t\t\t<\/div>\n\t\t\t\t<div class=\"elementor-element elementor-element-cb39bf6 elementor-widget elementor-widget-text-editor\" data-id=\"cb39bf6\" data-element_type=\"widget\" data-e-type=\"widget\" data-widget_type=\"text-editor.default\">\n\t\t\t\t<div class=\"elementor-widget-container\">\n\t\t\t\t\t\t\t\t\t<p><a href=\"mailto:mo@wpmsweden.se\">mo@wpmsweden.se<\/a><\/p><p>+46 730 656 181<\/p>\t\t\t\t\t\t\t\t<\/div>\n\t\t\t\t<\/div>\n\t\t\t\t\t<\/div>\n\t\t<\/div>\n\t\t\t\t<div class=\"elementor-column elementor-col-33 elementor-inner-column elementor-element elementor-element-6c015e3\" data-id=\"6c015e3\" data-element_type=\"column\" data-e-type=\"column\">\n\t\t\t<div class=\"elementor-widget-wrap\">\n\t\t\t\t\t\t\t<\/div>\n\t\t<\/div>\n\t\t\t\t\t<\/div>\n\t\t<\/section>\n\t\t\t\t\t<\/div>\n\t\t<\/div>\n\t\t\t\t\t<\/div>\n\t\t<\/section>\n\t\t\t\t<\/div>","protected":false},"excerpt":{"rendered":"<p>Contact and how to find us +46 35 101 400 info@wpmsweden.se Seldonsv\u00e4gen 8, 302 62 Halmstad Purchase Stefan Trotzig st@wpmsweden.se +46 708 200 065 Service Tomas Olsson to@wpmsweden.se +46 730 438 283 Marketing &#038; Sales Peter Larsson, Managing Director\/CEO pl@wpmsweden.se +46 708 207 057 Sales \u2013 SUOMI Peter Larsson pl@wpmsweden.se +46 708 207 057 Project [&hellip;]<\/p>\n","protected":false},"author":6,"featured_media":0,"parent":0,"menu_order":0,"comment_status":"closed","ping_status":"closed","template":"elementor_header_footer","meta":{"footnotes":""},"class_list":["post-23","page","type-page","status-publish","hentry"],"yoast_head":"<!-- This site is optimized with the Yoast SEO plugin v27.5 - https:\/\/yoast.com\/product\/yoast-seo-wordpress\/ -->\n<title>WPM Sweden - You can find us in Halmstad | Engineering by Sweden<\/title>\n<meta name=\"description\" content=\"The staff at WPM Sweden in Halmstad are dedicated to keep the decision times as fast as possible.\" \/>\n<meta name=\"robots\" content=\"index, follow, max-snippet:-1, max-image-preview:large, max-video-preview:-1\" \/>\n<link rel=\"canonical\" href=\"https:\/\/wpmsweden.se\/fi\/contact\/\" \/>\n<meta property=\"og:locale\" content=\"fi_FI\" \/>\n<meta property=\"og:type\" content=\"article\" \/>\n<meta property=\"og:title\" content=\"WPM Sweden - You can find us in Halmstad | Engineering by Sweden\" \/>\n<meta property=\"og:description\" content=\"The staff at WPM Sweden in Halmstad are dedicated to keep the decision times as fast as possible.\" \/>\n<meta property=\"og:url\" content=\"https:\/\/wpmsweden.se\/fi\/contact\/\" \/>\n<meta property=\"og:site_name\" content=\"WPM Sweden\" \/>\n<meta property=\"article:modified_time\" content=\"2024-02-22T14:48:23+00:00\" \/>\n<meta property=\"og:image\" content=\"https:\/\/wpmsweden.se\/wp-content\/uploads\/2022\/04\/sv_en.png\" \/>\n<meta name=\"twitter:card\" content=\"summary_large_image\" \/>\n<meta name=\"twitter:label1\" content=\"Arvioitu lukuaika\" \/>\n\t<meta name=\"twitter:data1\" content=\"2 minuuttia\" \/>\n<script type=\"application\/ld+json\" class=\"yoast-schema-graph\">{\"@context\":\"https:\\\/\\\/schema.org\",\"@graph\":[{\"@type\":[\"WebPage\",\"ContactPage\"],\"@id\":\"https:\\\/\\\/wpmsweden.se\\\/contact\",\"url\":\"https:\\\/\\\/wpmsweden.se\\\/contact\",\"name\":\"WPM Sweden - You can find us in Halmstad | Engineering by Sweden\",\"isPartOf\":{\"@id\":\"https:\\\/\\\/wpmsweden.se\\\/en\\\/#website\"},\"primaryImageOfPage\":{\"@id\":\"https:\\\/\\\/wpmsweden.se\\\/contact#primaryimage\"},\"image\":{\"@id\":\"https:\\\/\\\/wpmsweden.se\\\/contact#primaryimage\"},\"thumbnailUrl\":\"https:\\\/\\\/wpmsweden.se\\\/wp-content\\\/uploads\\\/2022\\\/04\\\/sv_en.png\",\"datePublished\":\"2021-02-09T12:52:54+00:00\",\"dateModified\":\"2024-02-22T14:48:23+00:00\",\"description\":\"The staff at WPM Sweden in Halmstad are dedicated to keep the decision times as fast as possible.\",\"breadcrumb\":{\"@id\":\"https:\\\/\\\/wpmsweden.se\\\/contact#breadcrumb\"},\"inLanguage\":\"fi\",\"potentialAction\":[{\"@type\":\"ReadAction\",\"target\":[\"https:\\\/\\\/wpmsweden.se\\\/contact\"]}]},{\"@type\":\"ImageObject\",\"inLanguage\":\"fi\",\"@id\":\"https:\\\/\\\/wpmsweden.se\\\/contact#primaryimage\",\"url\":\"https:\\\/\\\/wpmsweden.se\\\/wp-content\\\/uploads\\\/2022\\\/04\\\/sv_en.png\",\"contentUrl\":\"https:\\\/\\\/wpmsweden.se\\\/wp-content\\\/uploads\\\/2022\\\/04\\\/sv_en.png\"},{\"@type\":\"BreadcrumbList\",\"@id\":\"https:\\\/\\\/wpmsweden.se\\\/contact#breadcrumb\",\"itemListElement\":[{\"@type\":\"ListItem\",\"position\":1,\"name\":\"Hem\",\"item\":\"https:\\\/\\\/wpmsweden.se\\\/\"},{\"@type\":\"ListItem\",\"position\":2,\"name\":\"Contact\"}]},{\"@type\":\"WebSite\",\"@id\":\"https:\\\/\\\/wpmsweden.se\\\/en\\\/#website\",\"url\":\"https:\\\/\\\/wpmsweden.se\\\/en\\\/\",\"name\":\"WPM Sweden\",\"description\":\"Wood Processing Machinery\",\"publisher\":{\"@id\":\"https:\\\/\\\/wpmsweden.se\\\/en\\\/#organization\"},\"potentialAction\":[{\"@type\":\"SearchAction\",\"target\":{\"@type\":\"EntryPoint\",\"urlTemplate\":\"https:\\\/\\\/wpmsweden.se\\\/en\\\/?s={search_term_string}\"},\"query-input\":{\"@type\":\"PropertyValueSpecification\",\"valueRequired\":true,\"valueName\":\"search_term_string\"}}],\"inLanguage\":\"fi\"},{\"@type\":\"Organization\",\"@id\":\"https:\\\/\\\/wpmsweden.se\\\/en\\\/#organization\",\"name\":\"WPM Sweden\",\"url\":\"https:\\\/\\\/wpmsweden.se\\\/en\\\/\",\"logo\":{\"@type\":\"ImageObject\",\"inLanguage\":\"fi\",\"@id\":\"https:\\\/\\\/wpmsweden.se\\\/en\\\/#\\\/schema\\\/logo\\\/image\\\/\",\"url\":\"https:\\\/\\\/wpmsweden.se\\\/wp-content\\\/uploads\\\/2021\\\/02\\\/logo.svg\",\"contentUrl\":\"https:\\\/\\\/wpmsweden.se\\\/wp-content\\\/uploads\\\/2021\\\/02\\\/logo.svg\",\"width\":1,\"height\":1,\"caption\":\"WPM Sweden\"},\"image\":{\"@id\":\"https:\\\/\\\/wpmsweden.se\\\/en\\\/#\\\/schema\\\/logo\\\/image\\\/\"}}]}<\/script>\n<!-- \/ Yoast SEO plugin. -->","yoast_head_json":{"title":"WPM Sweden - You can find us in Halmstad | Engineering by Sweden","description":"The staff at WPM Sweden in Halmstad are dedicated to keep the decision times as fast as possible.","robots":{"index":"index","follow":"follow","max-snippet":"max-snippet:-1","max-image-preview":"max-image-preview:large","max-video-preview":"max-video-preview:-1"},"canonical":"https:\/\/wpmsweden.se\/fi\/contact\/","og_locale":"fi_FI","og_type":"article","og_title":"WPM Sweden - You can find us in Halmstad | Engineering by Sweden","og_description":"The staff at WPM Sweden in Halmstad are dedicated to keep the decision times as fast as possible.","og_url":"https:\/\/wpmsweden.se\/fi\/contact\/","og_site_name":"WPM Sweden","article_modified_time":"2024-02-22T14:48:23+00:00","og_image":[{"url":"https:\/\/wpmsweden.se\/wp-content\/uploads\/2022\/04\/sv_en.png","type":"","width":"","height":""}],"twitter_card":"summary_large_image","twitter_misc":{"Arvioitu lukuaika":"2 minuuttia"},"schema":{"@context":"https:\/\/schema.org","@graph":[{"@type":["WebPage","ContactPage"],"@id":"https:\/\/wpmsweden.se\/contact","url":"https:\/\/wpmsweden.se\/contact","name":"WPM Sweden - You can find us in Halmstad | Engineering by Sweden","isPartOf":{"@id":"https:\/\/wpmsweden.se\/en\/#website"},"primaryImageOfPage":{"@id":"https:\/\/wpmsweden.se\/contact#primaryimage"},"image":{"@id":"https:\/\/wpmsweden.se\/contact#primaryimage"},"thumbnailUrl":"https:\/\/wpmsweden.se\/wp-content\/uploads\/2022\/04\/sv_en.png","datePublished":"2021-02-09T12:52:54+00:00","dateModified":"2024-02-22T14:48:23+00:00","description":"The staff at WPM Sweden in Halmstad are dedicated to keep the decision times as fast as possible.","breadcrumb":{"@id":"https:\/\/wpmsweden.se\/contact#breadcrumb"},"inLanguage":"fi","potentialAction":[{"@type":"ReadAction","target":["https:\/\/wpmsweden.se\/contact"]}]},{"@type":"ImageObject","inLanguage":"fi","@id":"https:\/\/wpmsweden.se\/contact#primaryimage","url":"https:\/\/wpmsweden.se\/wp-content\/uploads\/2022\/04\/sv_en.png","contentUrl":"https:\/\/wpmsweden.se\/wp-content\/uploads\/2022\/04\/sv_en.png"},{"@type":"BreadcrumbList","@id":"https:\/\/wpmsweden.se\/contact#breadcrumb","itemListElement":[{"@type":"ListItem","position":1,"name":"Hem","item":"https:\/\/wpmsweden.se\/"},{"@type":"ListItem","position":2,"name":"Contact"}]},{"@type":"WebSite","@id":"https:\/\/wpmsweden.se\/en\/#website","url":"https:\/\/wpmsweden.se\/en\/","name":"WPM Sweden","description":"Wood Processing Machinery","publisher":{"@id":"https:\/\/wpmsweden.se\/en\/#organization"},"potentialAction":[{"@type":"SearchAction","target":{"@type":"EntryPoint","urlTemplate":"https:\/\/wpmsweden.se\/en\/?s={search_term_string}"},"query-input":{"@type":"PropertyValueSpecification","valueRequired":true,"valueName":"search_term_string"}}],"inLanguage":"fi"},{"@type":"Organization","@id":"https:\/\/wpmsweden.se\/en\/#organization","name":"WPM Sweden","url":"https:\/\/wpmsweden.se\/en\/","logo":{"@type":"ImageObject","inLanguage":"fi","@id":"https:\/\/wpmsweden.se\/en\/#\/schema\/logo\/image\/","url":"https:\/\/wpmsweden.se\/wp-content\/uploads\/2021\/02\/logo.svg","contentUrl":"https:\/\/wpmsweden.se\/wp-content\/uploads\/2021\/02\/logo.svg","width":1,"height":1,"caption":"WPM Sweden"},"image":{"@id":"https:\/\/wpmsweden.se\/en\/#\/schema\/logo\/image\/"}}]}},"_links":{"self":[{"href":"https:\/\/wpmsweden.se\/fi\/wp-json\/wp\/v2\/pages\/23","targetHints":{"allow":["GET"]}}],"collection":[{"href":"https:\/\/wpmsweden.se\/fi\/wp-json\/wp\/v2\/pages"}],"about":[{"href":"https:\/\/wpmsweden.se\/fi\/wp-json\/wp\/v2\/types\/page"}],"author":[{"embeddable":true,"href":"https:\/\/wpmsweden.se\/fi\/wp-json\/wp\/v2\/users\/6"}],"replies":[{"embeddable":true,"href":"https:\/\/wpmsweden.se\/fi\/wp-json\/wp\/v2\/comments?post=23"}],"version-history":[{"count":21,"href":"https:\/\/wpmsweden.se\/fi\/wp-json\/wp\/v2\/pages\/23\/revisions"}],"predecessor-version":[{"id":1495,"href":"https:\/\/wpmsweden.se\/fi\/wp-json\/wp\/v2\/pages\/23\/revisions\/1495"}],"wp:attachment":[{"href":"https:\/\/wpmsweden.se\/fi\/wp-json\/wp\/v2\/media?parent=23"}],"curies":[{"name":"wp","href":"https:\/\/api.w.org\/{rel}","templated":true}]}}