{"id":904,"date":"2021-02-21T13:01:19","date_gmt":"2021-02-21T12:01:19","guid":{"rendered":"https:\/\/wpmsweden.se\/?page_id=904"},"modified":"2023-04-13T11:46:55","modified_gmt":"2023-04-13T09:46:55","slug":"work-at-wpm","status":"publish","type":"page","link":"https:\/\/wpmsweden.se\/fi\/work-at-wpm","title":{"rendered":"T\u00f6ihin meille?"},"content":{"rendered":"<div data-elementor-type=\"wp-page\" data-elementor-id=\"904\" class=\"elementor elementor-904\" data-elementor-post-type=\"page\">\n\t\t\t\t\t\t<section class=\"elementor-section elementor-top-section elementor-element elementor-element-48e5818f elementor-section-height-min-height elementor-section-boxed elementor-section-height-default elementor-section-items-middle\" data-id=\"48e5818f\" data-element_type=\"section\" data-e-type=\"section\" data-settings=\"{&quot;background_background&quot;:&quot;classic&quot;}\">\n\t\t\t\t\t\t\t<div class=\"elementor-background-overlay\"><\/div>\n\t\t\t\t\t\t\t<div class=\"elementor-container elementor-column-gap-default\">\n\t\t\t\t\t<div class=\"elementor-column elementor-col-100 elementor-top-column elementor-element elementor-element-6128e054\" data-id=\"6128e054\" data-element_type=\"column\" data-e-type=\"column\">\n\t\t\t<div class=\"elementor-widget-wrap elementor-element-populated\">\n\t\t\t\t\t\t<div class=\"elementor-element elementor-element-1b06cb2e elementor-widget elementor-widget-heading\" data-id=\"1b06cb2e\" data-element_type=\"widget\" data-e-type=\"widget\" data-widget_type=\"heading.default\">\n\t\t\t\t<div class=\"elementor-widget-container\">\n\t\t\t\t\t<h2 class=\"elementor-heading-title elementor-size-large\">T\u00f6ihin meille?<\/h2>\t\t\t\t<\/div>\n\t\t\t\t<\/div>\n\t\t\t\t\t<\/div>\n\t\t<\/div>\n\t\t\t\t\t<\/div>\n\t\t<\/section>\n\t\t\t\t<section class=\"elementor-section elementor-top-section elementor-element elementor-element-e110457 elementor-section-boxed elementor-section-height-default elementor-section-height-default\" data-id=\"e110457\" data-element_type=\"section\" data-e-type=\"section\">\n\t\t\t\t\t\t<div class=\"elementor-container elementor-column-gap-default\">\n\t\t\t\t\t<div class=\"elementor-column elementor-col-100 elementor-top-column elementor-element elementor-element-d0ab3b8\" data-id=\"d0ab3b8\" data-element_type=\"column\" data-e-type=\"column\">\n\t\t\t<div class=\"elementor-widget-wrap elementor-element-populated\">\n\t\t\t\t\t\t<div class=\"elementor-element elementor-element-0d5441d elementor-tabs-view-horizontal elementor-widget elementor-widget-tabs\" data-id=\"0d5441d\" data-element_type=\"widget\" data-e-type=\"widget\" data-widget_type=\"tabs.default\">\n\t\t\t\t<div class=\"elementor-widget-container\">\n\t\t\t\t\t<style>.elementor-element-0d5441d{display:none !important}<\/style>\t\t\t\t<\/div>\n\t\t\t\t<\/div>\n\t\t\t\t\t<\/div>\n\t\t<\/div>\n\t\t\t\t\t<\/div>\n\t\t<\/section>\n\t\t\t\t<\/div>","protected":false},"excerpt":{"rendered":"<p>Work at WPM Automationsansvarig Servicetekniker Automationsansvarig Automationsansvarig Som automationsansvarig hos WPM Sweden \u00e4r det du som ansvarar f\u00f6r att v\u00e5ra produkter levererar optimalt ur ett automationstekniskt perspektiv. Allt ifr\u00e5n mjukvaruutveckling och elkonstruktion till sk\u00e5psbyggnation, installation och eftermarknad leds med dig i spetsen. Till din hj\u00e4lp har du ett antal underleverant\u00f6rer och medarbetare. V\u00e5r platta organisation [&hellip;]<\/p>\n","protected":false},"author":6,"featured_media":0,"parent":0,"menu_order":0,"comment_status":"closed","ping_status":"closed","template":"elementor_header_footer","meta":{"footnotes":""},"class_list":["post-904","page","type-page","status-publish","hentry"],"yoast_head":"<!-- This site is optimized with the Yoast SEO plugin v27.5 - https:\/\/yoast.com\/product\/yoast-seo-wordpress\/ -->\n<title>WPM Sweden - Work at WPM<\/title>\n<meta name=\"robots\" content=\"index, follow, max-snippet:-1, max-image-preview:large, max-video-preview:-1\" \/>\n<link rel=\"canonical\" href=\"https:\/\/wpmsweden.se\/fi\/work-at-wpm\/\" \/>\n<meta property=\"og:locale\" content=\"fi_FI\" \/>\n<meta property=\"og:type\" content=\"article\" \/>\n<meta property=\"og:title\" content=\"WPM Sweden - Work at WPM\" \/>\n<meta property=\"og:description\" content=\"Work at WPM Automationsansvarig Servicetekniker Automationsansvarig Automationsansvarig Som automationsansvarig hos WPM Sweden \u00e4r det du som ansvarar f\u00f6r att v\u00e5ra produkter levererar optimalt ur ett automationstekniskt perspektiv. Allt ifr\u00e5n mjukvaruutveckling och elkonstruktion till sk\u00e5psbyggnation, installation och eftermarknad leds med dig i spetsen. Till din hj\u00e4lp har du ett antal underleverant\u00f6rer och medarbetare. V\u00e5r platta organisation [&hellip;]\" \/>\n<meta property=\"og:url\" content=\"https:\/\/wpmsweden.se\/fi\/work-at-wpm\/\" \/>\n<meta property=\"og:site_name\" content=\"WPM Sweden\" \/>\n<meta property=\"article:modified_time\" content=\"2023-04-13T09:46:55+00:00\" \/>\n<meta name=\"twitter:card\" content=\"summary_large_image\" \/>\n<meta name=\"twitter:label1\" content=\"Arvioitu lukuaika\" \/>\n\t<meta name=\"twitter:data1\" content=\"3 minuuttia\" \/>\n<script type=\"application\/ld+json\" class=\"yoast-schema-graph\">{\"@context\":\"https:\\\/\\\/schema.org\",\"@graph\":[{\"@type\":\"WebPage\",\"@id\":\"https:\\\/\\\/wpmsweden.se\\\/work-at-wpm\",\"url\":\"https:\\\/\\\/wpmsweden.se\\\/work-at-wpm\",\"name\":\"WPM Sweden - Work at WPM\",\"isPartOf\":{\"@id\":\"https:\\\/\\\/wpmsweden.se\\\/en\\\/#website\"},\"datePublished\":\"2021-02-21T12:01:19+00:00\",\"dateModified\":\"2023-04-13T09:46:55+00:00\",\"breadcrumb\":{\"@id\":\"https:\\\/\\\/wpmsweden.se\\\/work-at-wpm#breadcrumb\"},\"inLanguage\":\"fi\",\"potentialAction\":[{\"@type\":\"ReadAction\",\"target\":[\"https:\\\/\\\/wpmsweden.se\\\/work-at-wpm\"]}]},{\"@type\":\"BreadcrumbList\",\"@id\":\"https:\\\/\\\/wpmsweden.se\\\/work-at-wpm#breadcrumb\",\"itemListElement\":[{\"@type\":\"ListItem\",\"position\":1,\"name\":\"Hem\",\"item\":\"https:\\\/\\\/wpmsweden.se\\\/\"},{\"@type\":\"ListItem\",\"position\":2,\"name\":\"Work at WPM\"}]},{\"@type\":\"WebSite\",\"@id\":\"https:\\\/\\\/wpmsweden.se\\\/en\\\/#website\",\"url\":\"https:\\\/\\\/wpmsweden.se\\\/en\\\/\",\"name\":\"WPM Sweden\",\"description\":\"Wood Processing Machinery\",\"publisher\":{\"@id\":\"https:\\\/\\\/wpmsweden.se\\\/en\\\/#organization\"},\"potentialAction\":[{\"@type\":\"SearchAction\",\"target\":{\"@type\":\"EntryPoint\",\"urlTemplate\":\"https:\\\/\\\/wpmsweden.se\\\/en\\\/?s={search_term_string}\"},\"query-input\":{\"@type\":\"PropertyValueSpecification\",\"valueRequired\":true,\"valueName\":\"search_term_string\"}}],\"inLanguage\":\"fi\"},{\"@type\":\"Organization\",\"@id\":\"https:\\\/\\\/wpmsweden.se\\\/en\\\/#organization\",\"name\":\"WPM Sweden\",\"url\":\"https:\\\/\\\/wpmsweden.se\\\/en\\\/\",\"logo\":{\"@type\":\"ImageObject\",\"inLanguage\":\"fi\",\"@id\":\"https:\\\/\\\/wpmsweden.se\\\/en\\\/#\\\/schema\\\/logo\\\/image\\\/\",\"url\":\"https:\\\/\\\/wpmsweden.se\\\/wp-content\\\/uploads\\\/2021\\\/02\\\/logo.svg\",\"contentUrl\":\"https:\\\/\\\/wpmsweden.se\\\/wp-content\\\/uploads\\\/2021\\\/02\\\/logo.svg\",\"width\":1,\"height\":1,\"caption\":\"WPM Sweden\"},\"image\":{\"@id\":\"https:\\\/\\\/wpmsweden.se\\\/en\\\/#\\\/schema\\\/logo\\\/image\\\/\"}}]}<\/script>\n<!-- \/ Yoast SEO plugin. -->","yoast_head_json":{"title":"WPM Sweden - Work at WPM","robots":{"index":"index","follow":"follow","max-snippet":"max-snippet:-1","max-image-preview":"max-image-preview:large","max-video-preview":"max-video-preview:-1"},"canonical":"https:\/\/wpmsweden.se\/fi\/work-at-wpm\/","og_locale":"fi_FI","og_type":"article","og_title":"WPM Sweden - Work at WPM","og_description":"Work at WPM Automationsansvarig Servicetekniker Automationsansvarig Automationsansvarig Som automationsansvarig hos WPM Sweden \u00e4r det du som ansvarar f\u00f6r att v\u00e5ra produkter levererar optimalt ur ett automationstekniskt perspektiv. Allt ifr\u00e5n mjukvaruutveckling och elkonstruktion till sk\u00e5psbyggnation, installation och eftermarknad leds med dig i spetsen. Till din hj\u00e4lp har du ett antal underleverant\u00f6rer och medarbetare. V\u00e5r platta organisation [&hellip;]","og_url":"https:\/\/wpmsweden.se\/fi\/work-at-wpm\/","og_site_name":"WPM Sweden","article_modified_time":"2023-04-13T09:46:55+00:00","twitter_card":"summary_large_image","twitter_misc":{"Arvioitu lukuaika":"3 minuuttia"},"schema":{"@context":"https:\/\/schema.org","@graph":[{"@type":"WebPage","@id":"https:\/\/wpmsweden.se\/work-at-wpm","url":"https:\/\/wpmsweden.se\/work-at-wpm","name":"WPM Sweden - Work at WPM","isPartOf":{"@id":"https:\/\/wpmsweden.se\/en\/#website"},"datePublished":"2021-02-21T12:01:19+00:00","dateModified":"2023-04-13T09:46:55+00:00","breadcrumb":{"@id":"https:\/\/wpmsweden.se\/work-at-wpm#breadcrumb"},"inLanguage":"fi","potentialAction":[{"@type":"ReadAction","target":["https:\/\/wpmsweden.se\/work-at-wpm"]}]},{"@type":"BreadcrumbList","@id":"https:\/\/wpmsweden.se\/work-at-wpm#breadcrumb","itemListElement":[{"@type":"ListItem","position":1,"name":"Hem","item":"https:\/\/wpmsweden.se\/"},{"@type":"ListItem","position":2,"name":"Work at WPM"}]},{"@type":"WebSite","@id":"https:\/\/wpmsweden.se\/en\/#website","url":"https:\/\/wpmsweden.se\/en\/","name":"WPM Sweden","description":"Wood Processing Machinery","publisher":{"@id":"https:\/\/wpmsweden.se\/en\/#organization"},"potentialAction":[{"@type":"SearchAction","target":{"@type":"EntryPoint","urlTemplate":"https:\/\/wpmsweden.se\/en\/?s={search_term_string}"},"query-input":{"@type":"PropertyValueSpecification","valueRequired":true,"valueName":"search_term_string"}}],"inLanguage":"fi"},{"@type":"Organization","@id":"https:\/\/wpmsweden.se\/en\/#organization","name":"WPM Sweden","url":"https:\/\/wpmsweden.se\/en\/","logo":{"@type":"ImageObject","inLanguage":"fi","@id":"https:\/\/wpmsweden.se\/en\/#\/schema\/logo\/image\/","url":"https:\/\/wpmsweden.se\/wp-content\/uploads\/2021\/02\/logo.svg","contentUrl":"https:\/\/wpmsweden.se\/wp-content\/uploads\/2021\/02\/logo.svg","width":1,"height":1,"caption":"WPM Sweden"},"image":{"@id":"https:\/\/wpmsweden.se\/en\/#\/schema\/logo\/image\/"}}]}},"_links":{"self":[{"href":"https:\/\/wpmsweden.se\/fi\/wp-json\/wp\/v2\/pages\/904","targetHints":{"allow":["GET"]}}],"collection":[{"href":"https:\/\/wpmsweden.se\/fi\/wp-json\/wp\/v2\/pages"}],"about":[{"href":"https:\/\/wpmsweden.se\/fi\/wp-json\/wp\/v2\/types\/page"}],"author":[{"embeddable":true,"href":"https:\/\/wpmsweden.se\/fi\/wp-json\/wp\/v2\/users\/6"}],"replies":[{"embeddable":true,"href":"https:\/\/wpmsweden.se\/fi\/wp-json\/wp\/v2\/comments?post=904"}],"version-history":[{"count":27,"href":"https:\/\/wpmsweden.se\/fi\/wp-json\/wp\/v2\/pages\/904\/revisions"}],"predecessor-version":[{"id":1336,"href":"https:\/\/wpmsweden.se\/fi\/wp-json\/wp\/v2\/pages\/904\/revisions\/1336"}],"wp:attachment":[{"href":"https:\/\/wpmsweden.se\/fi\/wp-json\/wp\/v2\/media?parent=904"}],"curies":[{"name":"wp","href":"https:\/\/api.w.org\/{rel}","templated":true}]}}