{"id":21,"date":"2021-02-09T13:52:41","date_gmt":"2021-02-09T12:52:41","guid":{"rendered":"https:\/\/wpmsweden.se\/?page_id=21"},"modified":"2022-01-20T11:43:04","modified_gmt":"2022-01-20T10:43:04","slug":"ourselves","status":"publish","type":"page","link":"https:\/\/wpmsweden.se\/sv\/ourselves","title":{"rendered":"V\u00e5r v\u00e4g"},"content":{"rendered":"<div data-elementor-type=\"wp-page\" data-elementor-id=\"21\" class=\"elementor elementor-21\" data-elementor-post-type=\"page\">\n\t\t\t\t\t\t<section class=\"elementor-section elementor-top-section elementor-element elementor-element-8339ef7 elementor-section-boxed elementor-section-height-default elementor-section-height-default\" data-id=\"8339ef7\" data-element_type=\"section\" data-e-type=\"section\">\n\t\t\t\t\t\t<div class=\"elementor-container elementor-column-gap-default\">\n\t\t\t\t\t<div class=\"elementor-column elementor-col-100 elementor-top-column elementor-element elementor-element-91c862c\" data-id=\"91c862c\" data-element_type=\"column\" data-e-type=\"column\">\n\t\t\t<div class=\"elementor-widget-wrap elementor-element-populated\">\n\t\t\t\t\t\t<div class=\"elementor-element elementor-element-bbbc8f9 elementor-widget elementor-widget-heading\" data-id=\"bbbc8f9\" data-element_type=\"widget\" data-e-type=\"widget\" data-widget_type=\"heading.default\">\n\t\t\t\t<div class=\"elementor-widget-container\">\n\t\t\t\t\t<h2 class=\"elementor-heading-title elementor-size-default\">V\u00e5r v\u00e4g<\/h2>\t\t\t\t<\/div>\n\t\t\t\t<\/div>\n\t\t\t\t<div class=\"elementor-element elementor-element-fea7931 elementor-widget elementor-widget-heading\" data-id=\"fea7931\" data-element_type=\"widget\" data-e-type=\"widget\" data-widget_type=\"heading.default\">\n\t\t\t\t<div class=\"elementor-widget-container\">\n\t\t\t\t\t<h2 class=\"elementor-heading-title elementor-size-default\">Om WPM<\/h2>\t\t\t\t<\/div>\n\t\t\t\t<\/div>\n\t\t\t\t\t<\/div>\n\t\t<\/div>\n\t\t\t\t\t<\/div>\n\t\t<\/section>\n\t\t\t\t<section class=\"elementor-section elementor-top-section elementor-element elementor-element-63614d2 elementor-section-height-min-height elementor-section-boxed elementor-section-height-default elementor-section-items-middle\" data-id=\"63614d2\" data-element_type=\"section\" data-e-type=\"section\" data-settings=\"{&quot;background_background&quot;:&quot;classic&quot;}\">\n\t\t\t\t\t\t<div class=\"elementor-container elementor-column-gap-default\">\n\t\t\t\t\t<div class=\"elementor-column elementor-col-100 elementor-top-column elementor-element elementor-element-d451139\" data-id=\"d451139\" data-element_type=\"column\" data-e-type=\"column\">\n\t\t\t<div class=\"elementor-widget-wrap\">\n\t\t\t\t\t\t\t<\/div>\n\t\t<\/div>\n\t\t\t\t\t<\/div>\n\t\t<\/section>\n\t\t\t\t<section class=\"elementor-section elementor-top-section elementor-element elementor-element-1f5a712 elementor-section-boxed elementor-section-height-default elementor-section-height-default\" data-id=\"1f5a712\" data-element_type=\"section\" data-e-type=\"section\">\n\t\t\t\t\t\t<div class=\"elementor-container elementor-column-gap-default\">\n\t\t\t\t\t<div class=\"elementor-column elementor-col-100 elementor-top-column elementor-element elementor-element-b027ccf\" data-id=\"b027ccf\" data-element_type=\"column\" data-e-type=\"column\">\n\t\t\t<div class=\"elementor-widget-wrap elementor-element-populated\">\n\t\t\t\t\t\t<div class=\"elementor-element elementor-element-1a8cc71 elementor-widget elementor-widget-image\" data-id=\"1a8cc71\" data-element_type=\"widget\" data-e-type=\"widget\" data-widget_type=\"image.default\">\n\t\t\t\t<div class=\"elementor-widget-container\">\n\t\t\t\t\t\t\t\t\t\t\t\t\t\t\t<img fetchpriority=\"high\" decoding=\"async\" width=\"1000\" height=\"560\" src=\"https:\/\/wpmsweden.se\/wp-content\/uploads\/2021\/02\/ourselves-1-e1612973288234.jpg\" class=\"attachment-full size-full wp-image-559\" alt=\"\" srcset=\"https:\/\/wpmsweden.se\/wp-content\/uploads\/2021\/02\/ourselves-1-e1612973288234.jpg 1000w, https:\/\/wpmsweden.se\/wp-content\/uploads\/2021\/02\/ourselves-1-e1612973288234-300x168.jpg 300w, https:\/\/wpmsweden.se\/wp-content\/uploads\/2021\/02\/ourselves-1-e1612973288234-768x430.jpg 768w\" sizes=\"(max-width: 1000px) 100vw, 1000px\" \/>\t\t\t\t\t\t\t\t\t\t\t\t\t\t\t<\/div>\n\t\t\t\t<\/div>\n\t\t\t\t\t<\/div>\n\t\t<\/div>\n\t\t\t\t\t<\/div>\n\t\t<\/section>\n\t\t\t\t<section class=\"elementor-section elementor-top-section elementor-element elementor-element-3f9a8f0 elementor-section-boxed elementor-section-height-default elementor-section-height-default\" data-id=\"3f9a8f0\" data-element_type=\"section\" data-e-type=\"section\">\n\t\t\t\t\t\t<div class=\"elementor-container elementor-column-gap-default\">\n\t\t\t\t\t<div class=\"elementor-column elementor-col-100 elementor-top-column elementor-element elementor-element-b609570\" data-id=\"b609570\" data-element_type=\"column\" data-e-type=\"column\">\n\t\t\t<div class=\"elementor-widget-wrap elementor-element-populated\">\n\t\t\t\t\t\t<div class=\"elementor-element elementor-element-7193c8a elementor-widget elementor-widget-heading\" data-id=\"7193c8a\" data-element_type=\"widget\" data-e-type=\"widget\" data-widget_type=\"heading.default\">\n\t\t\t\t<div class=\"elementor-widget-container\">\n\t\t\t\t\t<h2 class=\"elementor-heading-title elementor-size-default\">Engineering by Sweden\n<\/h2>\t\t\t\t<\/div>\n\t\t\t\t<\/div>\n\t\t\t\t<div class=\"elementor-element elementor-element-76ef021 elementor-widget elementor-widget-text-editor\" data-id=\"76ef021\" data-element_type=\"widget\" data-e-type=\"widget\" data-widget_type=\"text-editor.default\">\n\t\t\t\t<div class=\"elementor-widget-container\">\n\t\t\t\t\t\t\t\t\t<p>The Wood Processing Machinery at WPM Sweden is all about quality you can trust. For us it\u2019s a matter of control; to be completely focused on every detail and still make room for new ways and creative engineering. It is also a matter of a long-term commitment. We know that our machines will operate for decades and therefore our design is carried out with regards to service and spare parts \u2013 making parts easy to install, and always standard. We also work with as much reusable spare parts as possible for instance via Chip brakers and turnable table plates.<span class=\"Apple-converted-space\">\u00a0<\/span><\/p>\t\t\t\t\t\t\t\t<\/div>\n\t\t\t\t<\/div>\n\t\t\t\t\t<\/div>\n\t\t<\/div>\n\t\t\t\t\t<\/div>\n\t\t<\/section>\n\t\t\t\t<section class=\"elementor-section elementor-top-section elementor-element elementor-element-716331a elementor-section-boxed elementor-section-height-default elementor-section-height-default\" data-id=\"716331a\" data-element_type=\"section\" data-e-type=\"section\">\n\t\t\t\t\t\t<div class=\"elementor-container elementor-column-gap-default\">\n\t\t\t\t\t<div class=\"elementor-column elementor-col-100 elementor-top-column elementor-element elementor-element-80bf997\" data-id=\"80bf997\" data-element_type=\"column\" data-e-type=\"column\">\n\t\t\t<div class=\"elementor-widget-wrap elementor-element-populated\">\n\t\t\t\t\t\t<div class=\"elementor-element elementor-element-43ec4e0 elementor-widget elementor-widget-heading\" data-id=\"43ec4e0\" data-element_type=\"widget\" data-e-type=\"widget\" data-widget_type=\"heading.default\">\n\t\t\t\t<div class=\"elementor-widget-container\">\n\t\t\t\t\t<h2 class=\"elementor-heading-title elementor-size-default\">Snabba beslutsprocesser och service<\/h2>\t\t\t\t<\/div>\n\t\t\t\t<\/div>\n\t\t\t\t<div class=\"elementor-element elementor-element-0b2e189 elementor-widget elementor-widget-text-editor\" data-id=\"0b2e189\" data-element_type=\"widget\" data-e-type=\"widget\" data-widget_type=\"text-editor.default\">\n\t\t\t\t<div class=\"elementor-widget-container\">\n\t\t\t\t\t\t\t\t\t<p>Vi p\u00e5 WPM Sweden i Halmstad \u00e4r dedikerade till att h\u00e5lla beslutv\u00e4garna s\u00e5 snabba som m\u00f6jligt. De flesta av oss har en bakgrund i st\u00f6rre bolag med mer komplexa s\u00e4tt att hantera kunders f\u00f6rfr\u00e5gningar. V\u00e5r mission \u00e4r att forts\u00e4tta h\u00e5lla det enkelt och snabbt. Vi vill att v\u00e5ra kunder ska vara \u00e5terkommande anpassar hela tiden v\u00e5r service och support efter v\u00e5r starka tillv\u00e4xttakt.<\/p>\t\t\t\t\t\t\t\t<\/div>\n\t\t\t\t<\/div>\n\t\t\t\t\t<\/div>\n\t\t<\/div>\n\t\t\t\t\t<\/div>\n\t\t<\/section>\n\t\t\t\t<\/div>","protected":false},"excerpt":{"rendered":"<p>Ourselves About WPM Engineering by Sweden The Wood Processing Machinery at WPM Sweden is all about quality you can trust. For us it\u2019s a matter of control; to be completely focused on every detail and still make room for new ways and creative engineering. It is also a matter of a long-term commitment. We know [&hellip;]<\/p>\n","protected":false},"author":6,"featured_media":0,"parent":0,"menu_order":0,"comment_status":"closed","ping_status":"closed","template":"elementor_header_footer","meta":{"footnotes":""},"class_list":["post-21","page","type-page","status-publish","hentry"],"yoast_head":"<!-- This site is optimized with the Yoast SEO plugin v27.3 - https:\/\/yoast.com\/product\/yoast-seo-wordpress\/ -->\n<title>WPM Sweden - Who we are |\u00a0Engineering by Sweden<\/title>\n<meta name=\"description\" content=\"The staff at WPM Sweden in Halmstad are dedicated to keep the decision times as fast as possible.\" \/>\n<meta name=\"robots\" content=\"index, follow, max-snippet:-1, max-image-preview:large, max-video-preview:-1\" \/>\n<link rel=\"canonical\" href=\"https:\/\/wpmsweden.se\/sv\/ourselves\/\" \/>\n<meta property=\"og:locale\" content=\"sv_SE\" \/>\n<meta property=\"og:type\" content=\"article\" \/>\n<meta property=\"og:title\" content=\"WPM Sweden - Who we are |\u00a0Engineering by Sweden\" \/>\n<meta property=\"og:description\" content=\"The staff at WPM Sweden in Halmstad are dedicated to keep the decision times as fast as possible.\" \/>\n<meta property=\"og:url\" content=\"https:\/\/wpmsweden.se\/sv\/ourselves\/\" \/>\n<meta property=\"og:site_name\" content=\"WPM Sweden\" \/>\n<meta property=\"article:modified_time\" content=\"2022-01-20T10:43:04+00:00\" \/>\n<meta property=\"og:image\" content=\"https:\/\/wpmsweden.se\/wp-content\/uploads\/2021\/02\/ourselves-1-e1612973288234.jpg\" \/>\n<meta name=\"twitter:card\" content=\"summary_large_image\" \/>\n<meta name=\"twitter:label1\" content=\"Ber\u00e4knad l\u00e4stid\" \/>\n\t<meta name=\"twitter:data1\" content=\"1 minut\" \/>\n<script type=\"application\/ld+json\" class=\"yoast-schema-graph\">{\"@context\":\"https:\\\/\\\/schema.org\",\"@graph\":[{\"@type\":[\"WebPage\",\"AboutPage\"],\"@id\":\"https:\\\/\\\/wpmsweden.se\\\/en\\\/ourselves\",\"url\":\"https:\\\/\\\/wpmsweden.se\\\/en\\\/ourselves\",\"name\":\"WPM Sweden - Who we are |\u00a0Engineering by Sweden\",\"isPartOf\":{\"@id\":\"https:\\\/\\\/wpmsweden.se\\\/en\\\/#website\"},\"primaryImageOfPage\":{\"@id\":\"https:\\\/\\\/wpmsweden.se\\\/en\\\/ourselves#primaryimage\"},\"image\":{\"@id\":\"https:\\\/\\\/wpmsweden.se\\\/en\\\/ourselves#primaryimage\"},\"thumbnailUrl\":\"https:\\\/\\\/wpmsweden.se\\\/wp-content\\\/uploads\\\/2021\\\/02\\\/ourselves-1-e1612973288234.jpg\",\"datePublished\":\"2021-02-09T12:52:41+00:00\",\"dateModified\":\"2022-01-20T10:43:04+00:00\",\"description\":\"The staff at WPM Sweden in Halmstad are dedicated to keep the decision times as fast as possible.\",\"breadcrumb\":{\"@id\":\"https:\\\/\\\/wpmsweden.se\\\/en\\\/ourselves#breadcrumb\"},\"inLanguage\":\"sv-SE\",\"potentialAction\":[{\"@type\":\"ReadAction\",\"target\":[\"https:\\\/\\\/wpmsweden.se\\\/en\\\/ourselves\"]}]},{\"@type\":\"ImageObject\",\"inLanguage\":\"sv-SE\",\"@id\":\"https:\\\/\\\/wpmsweden.se\\\/en\\\/ourselves#primaryimage\",\"url\":\"https:\\\/\\\/wpmsweden.se\\\/wp-content\\\/uploads\\\/2021\\\/02\\\/ourselves-1-e1612973288234.jpg\",\"contentUrl\":\"https:\\\/\\\/wpmsweden.se\\\/wp-content\\\/uploads\\\/2021\\\/02\\\/ourselves-1-e1612973288234.jpg\"},{\"@type\":\"BreadcrumbList\",\"@id\":\"https:\\\/\\\/wpmsweden.se\\\/en\\\/ourselves#breadcrumb\",\"itemListElement\":[{\"@type\":\"ListItem\",\"position\":1,\"name\":\"Hem\",\"item\":\"https:\\\/\\\/wpmsweden.se\\\/\"},{\"@type\":\"ListItem\",\"position\":2,\"name\":\"Ourselves\"}]},{\"@type\":\"WebSite\",\"@id\":\"https:\\\/\\\/wpmsweden.se\\\/en\\\/#website\",\"url\":\"https:\\\/\\\/wpmsweden.se\\\/en\\\/\",\"name\":\"WPM Sweden\",\"description\":\"Wood Processing Machinery\",\"publisher\":{\"@id\":\"https:\\\/\\\/wpmsweden.se\\\/en\\\/#organization\"},\"potentialAction\":[{\"@type\":\"SearchAction\",\"target\":{\"@type\":\"EntryPoint\",\"urlTemplate\":\"https:\\\/\\\/wpmsweden.se\\\/en\\\/?s={search_term_string}\"},\"query-input\":{\"@type\":\"PropertyValueSpecification\",\"valueRequired\":true,\"valueName\":\"search_term_string\"}}],\"inLanguage\":\"sv-SE\"},{\"@type\":\"Organization\",\"@id\":\"https:\\\/\\\/wpmsweden.se\\\/en\\\/#organization\",\"name\":\"WPM Sweden\",\"url\":\"https:\\\/\\\/wpmsweden.se\\\/en\\\/\",\"logo\":{\"@type\":\"ImageObject\",\"inLanguage\":\"sv-SE\",\"@id\":\"https:\\\/\\\/wpmsweden.se\\\/en\\\/#\\\/schema\\\/logo\\\/image\\\/\",\"url\":\"https:\\\/\\\/wpmsweden.se\\\/wp-content\\\/uploads\\\/2021\\\/02\\\/logo.svg\",\"contentUrl\":\"https:\\\/\\\/wpmsweden.se\\\/wp-content\\\/uploads\\\/2021\\\/02\\\/logo.svg\",\"width\":1,\"height\":1,\"caption\":\"WPM Sweden\"},\"image\":{\"@id\":\"https:\\\/\\\/wpmsweden.se\\\/en\\\/#\\\/schema\\\/logo\\\/image\\\/\"}}]}<\/script>\n<!-- \/ Yoast SEO plugin. -->","yoast_head_json":{"title":"WPM Sweden - Who we are |\u00a0Engineering by Sweden","description":"The staff at WPM Sweden in Halmstad are dedicated to keep the decision times as fast as possible.","robots":{"index":"index","follow":"follow","max-snippet":"max-snippet:-1","max-image-preview":"max-image-preview:large","max-video-preview":"max-video-preview:-1"},"canonical":"https:\/\/wpmsweden.se\/sv\/ourselves\/","og_locale":"sv_SE","og_type":"article","og_title":"WPM Sweden - Who we are |\u00a0Engineering by Sweden","og_description":"The staff at WPM Sweden in Halmstad are dedicated to keep the decision times as fast as possible.","og_url":"https:\/\/wpmsweden.se\/sv\/ourselves\/","og_site_name":"WPM Sweden","article_modified_time":"2022-01-20T10:43:04+00:00","og_image":[{"url":"https:\/\/wpmsweden.se\/wp-content\/uploads\/2021\/02\/ourselves-1-e1612973288234.jpg","type":"","width":"","height":""}],"twitter_card":"summary_large_image","twitter_misc":{"Ber\u00e4knad l\u00e4stid":"1 minut"},"schema":{"@context":"https:\/\/schema.org","@graph":[{"@type":["WebPage","AboutPage"],"@id":"https:\/\/wpmsweden.se\/en\/ourselves","url":"https:\/\/wpmsweden.se\/en\/ourselves","name":"WPM Sweden - Who we are |\u00a0Engineering by Sweden","isPartOf":{"@id":"https:\/\/wpmsweden.se\/en\/#website"},"primaryImageOfPage":{"@id":"https:\/\/wpmsweden.se\/en\/ourselves#primaryimage"},"image":{"@id":"https:\/\/wpmsweden.se\/en\/ourselves#primaryimage"},"thumbnailUrl":"https:\/\/wpmsweden.se\/wp-content\/uploads\/2021\/02\/ourselves-1-e1612973288234.jpg","datePublished":"2021-02-09T12:52:41+00:00","dateModified":"2022-01-20T10:43:04+00:00","description":"The staff at WPM Sweden in Halmstad are dedicated to keep the decision times as fast as possible.","breadcrumb":{"@id":"https:\/\/wpmsweden.se\/en\/ourselves#breadcrumb"},"inLanguage":"sv-SE","potentialAction":[{"@type":"ReadAction","target":["https:\/\/wpmsweden.se\/en\/ourselves"]}]},{"@type":"ImageObject","inLanguage":"sv-SE","@id":"https:\/\/wpmsweden.se\/en\/ourselves#primaryimage","url":"https:\/\/wpmsweden.se\/wp-content\/uploads\/2021\/02\/ourselves-1-e1612973288234.jpg","contentUrl":"https:\/\/wpmsweden.se\/wp-content\/uploads\/2021\/02\/ourselves-1-e1612973288234.jpg"},{"@type":"BreadcrumbList","@id":"https:\/\/wpmsweden.se\/en\/ourselves#breadcrumb","itemListElement":[{"@type":"ListItem","position":1,"name":"Hem","item":"https:\/\/wpmsweden.se\/"},{"@type":"ListItem","position":2,"name":"Ourselves"}]},{"@type":"WebSite","@id":"https:\/\/wpmsweden.se\/en\/#website","url":"https:\/\/wpmsweden.se\/en\/","name":"WPM Sweden","description":"Wood Processing Machinery","publisher":{"@id":"https:\/\/wpmsweden.se\/en\/#organization"},"potentialAction":[{"@type":"SearchAction","target":{"@type":"EntryPoint","urlTemplate":"https:\/\/wpmsweden.se\/en\/?s={search_term_string}"},"query-input":{"@type":"PropertyValueSpecification","valueRequired":true,"valueName":"search_term_string"}}],"inLanguage":"sv-SE"},{"@type":"Organization","@id":"https:\/\/wpmsweden.se\/en\/#organization","name":"WPM Sweden","url":"https:\/\/wpmsweden.se\/en\/","logo":{"@type":"ImageObject","inLanguage":"sv-SE","@id":"https:\/\/wpmsweden.se\/en\/#\/schema\/logo\/image\/","url":"https:\/\/wpmsweden.se\/wp-content\/uploads\/2021\/02\/logo.svg","contentUrl":"https:\/\/wpmsweden.se\/wp-content\/uploads\/2021\/02\/logo.svg","width":1,"height":1,"caption":"WPM Sweden"},"image":{"@id":"https:\/\/wpmsweden.se\/en\/#\/schema\/logo\/image\/"}}]}},"_links":{"self":[{"href":"https:\/\/wpmsweden.se\/sv\/wp-json\/wp\/v2\/pages\/21","targetHints":{"allow":["GET"]}}],"collection":[{"href":"https:\/\/wpmsweden.se\/sv\/wp-json\/wp\/v2\/pages"}],"about":[{"href":"https:\/\/wpmsweden.se\/sv\/wp-json\/wp\/v2\/types\/page"}],"author":[{"embeddable":true,"href":"https:\/\/wpmsweden.se\/sv\/wp-json\/wp\/v2\/users\/6"}],"replies":[{"embeddable":true,"href":"https:\/\/wpmsweden.se\/sv\/wp-json\/wp\/v2\/comments?post=21"}],"version-history":[{"count":1,"href":"https:\/\/wpmsweden.se\/sv\/wp-json\/wp\/v2\/pages\/21\/revisions"}],"predecessor-version":[{"id":1543,"href":"https:\/\/wpmsweden.se\/sv\/wp-json\/wp\/v2\/pages\/21\/revisions\/1543"}],"wp:attachment":[{"href":"https:\/\/wpmsweden.se\/sv\/wp-json\/wp\/v2\/media?parent=21"}],"curies":[{"name":"wp","href":"https:\/\/api.w.org\/{rel}","templated":true}]}}