{"id":904,"date":"2021-02-21T13:01:19","date_gmt":"2021-02-21T12:01:19","guid":{"rendered":"https:\/\/wpmsweden.se\/?page_id=904"},"modified":"2023-04-13T11:46:55","modified_gmt":"2023-04-13T09:46:55","slug":"work-at-wpm","status":"publish","type":"page","link":"https:\/\/wpmsweden.se\/sv\/work-at-wpm","title":{"rendered":"Jobba hos WPM"},"content":{"rendered":"<div data-elementor-type=\"wp-page\" data-elementor-id=\"904\" class=\"elementor elementor-904\" data-elementor-post-type=\"page\">\n\t\t\t\t\t\t<section class=\"elementor-section elementor-top-section elementor-element elementor-element-48e5818f elementor-section-height-min-height elementor-section-boxed elementor-section-height-default elementor-section-items-middle\" data-id=\"48e5818f\" data-element_type=\"section\" data-e-type=\"section\" data-settings=\"{&quot;background_background&quot;:&quot;classic&quot;}\">\n\t\t\t\t\t\t\t<div class=\"elementor-background-overlay\"><\/div>\n\t\t\t\t\t\t\t<div class=\"elementor-container elementor-column-gap-default\">\n\t\t\t\t\t<div class=\"elementor-column elementor-col-100 elementor-top-column elementor-element elementor-element-6128e054\" data-id=\"6128e054\" data-element_type=\"column\" data-e-type=\"column\">\n\t\t\t<div class=\"elementor-widget-wrap elementor-element-populated\">\n\t\t\t\t\t\t<div class=\"elementor-element elementor-element-1b06cb2e elementor-widget elementor-widget-heading\" data-id=\"1b06cb2e\" data-element_type=\"widget\" data-e-type=\"widget\" data-widget_type=\"heading.default\">\n\t\t\t\t<div class=\"elementor-widget-container\">\n\t\t\t\t\t<h2 class=\"elementor-heading-title elementor-size-large\">Jobba hos WPM<\/h2>\t\t\t\t<\/div>\n\t\t\t\t<\/div>\n\t\t\t\t\t<\/div>\n\t\t<\/div>\n\t\t\t\t\t<\/div>\n\t\t<\/section>\n\t\t\t\t<section class=\"elementor-section elementor-top-section elementor-element elementor-element-e110457 elementor-section-boxed elementor-section-height-default elementor-section-height-default\" data-id=\"e110457\" data-element_type=\"section\" data-e-type=\"section\">\n\t\t\t\t\t\t<div class=\"elementor-container elementor-column-gap-default\">\n\t\t\t\t\t<div class=\"elementor-column elementor-col-100 elementor-top-column elementor-element elementor-element-d0ab3b8\" data-id=\"d0ab3b8\" data-element_type=\"column\" data-e-type=\"column\">\n\t\t\t<div class=\"elementor-widget-wrap elementor-element-populated\">\n\t\t\t\t\t\t<div class=\"elementor-element elementor-element-0d5441d elementor-tabs-view-horizontal elementor-widget elementor-widget-tabs\" data-id=\"0d5441d\" data-element_type=\"widget\" data-e-type=\"widget\" data-widget_type=\"tabs.default\">\n\t\t\t\t<div class=\"elementor-widget-container\">\n\t\t\t\t\t\t\t<div class=\"elementor-tabs\">\n\t\t\t<div class=\"elementor-tabs-wrapper\" role=\"tablist\" >\n\t\t\t\t\t\t\t\t\t<div id=\"elementor-tab-title-1391\" class=\"elementor-tab-title elementor-tab-desktop-title\" aria-selected=\"true\" data-tab=\"1\" role=\"tab\" tabindex=\"0\" aria-controls=\"elementor-tab-content-1391\" aria-expanded=\"false\">Automationsansvarig<\/div>\n\t\t\t\t\t\t\t\t\t<div id=\"elementor-tab-title-1392\" class=\"elementor-tab-title elementor-tab-desktop-title\" aria-selected=\"false\" data-tab=\"2\" role=\"tab\" tabindex=\"-1\" aria-controls=\"elementor-tab-content-1392\" aria-expanded=\"false\">Servicetekniker<\/div>\n\t\t\t\t\t\t\t<\/div>\n\t\t\t<div class=\"elementor-tabs-content-wrapper\" role=\"tablist\" aria-orientation=\"vertical\">\n\t\t\t\t\t\t\t\t\t<div class=\"elementor-tab-title elementor-tab-mobile-title\" aria-selected=\"true\" data-tab=\"1\" role=\"tab\" tabindex=\"0\" aria-controls=\"elementor-tab-content-1391\" aria-expanded=\"false\">Automationsansvarig<\/div>\n\t\t\t\t\t<div id=\"elementor-tab-content-1391\" class=\"elementor-tab-content elementor-clearfix\" data-tab=\"1\" role=\"tabpanel\" aria-labelledby=\"elementor-tab-title-1391\" tabindex=\"0\" hidden=\"false\"><h1>Automationsansvarig<\/h1>\n<p>Som automationsansvarig hos WPM Sweden \u00e4r det du som ansvarar f\u00f6r att v\u00e5ra produkter levererar optimalt ur ett automationstekniskt perspektiv. Allt ifr\u00e5n mjukvaruutveckling och elkonstruktion till sk\u00e5psbyggnation, installation och eftermarknad leds med dig i spetsen. Till din hj\u00e4lp har du ett antal underleverant\u00f6rer och medarbetare. V\u00e5r platta organisation inneb\u00e4r korta beslutsv\u00e4gar med enkel och snabb \u00e5terrapportering.&nbsp;<\/p>\n<p><strong>Om rollen<br><\/strong>Leda och projektera automationsuppgifter p\u00e5 f\u00f6retaget. I dagsl\u00e4get handlar det om att driva automationsprojekten f\u00f6r respektive maskin. P\u00e5 sikt kan det vara av intresse att bli mer sj\u00e4lvf\u00f6rs\u00f6rjande p\u00e5 ex. elkonstruktion och sk\u00e5psbyggnation d\u00e4r vi ser en strategisk\/ekonomisk f\u00f6rdel att ha denna kompetens \u201din house\u201d. Drifts\u00e4ttning\/Support b\u00e5de p\u00e5 plats i Halmstad och \u00e4ven probleml\u00f6sning hos kunder runtom i Europa f\u00f6rekommer. Projektera automationsl\u00f6sningar f\u00f6r f\u00f6retagets serviceavdelning som erbjuder renovering av \u00e4ldre maskiner f\u00f6rekommer ocks\u00e5 i arbetsuppgiften.<\/p>\n<p><strong>Om WPM Sweden<br><\/strong>WPM st\u00e5r f\u00f6r Wood Processing Machinery, och vi s\u00e4tter stolthet i att designa maskiner som ska st\u00e5 i \u00e5rtionden. Vi s\u00e4tter alltid kunden fr\u00e4mst och \u00e4r dedikerade till att h\u00e5lla beslutsv\u00e4garna s\u00e5 korta som m\u00f6jligt. De flesta av oss har en bakgrund i st\u00f6rre bolag med mer komplexa s\u00e4tt att hantera kunders f\u00f6rfr\u00e5gningar \u2013 v\u00e5r mission \u00e4r att alltid h\u00e5lla det enkelt och snabbt.&nbsp;<\/p>\n<p>Som medarbetare kommer du verka i en dynamisk och internationell milj\u00f6 med h\u00f6gt tempo. Detta p\u00e5 ett f\u00f6retag som levererar tekniskt komplexa produkter i v\u00e4rldsklass.<\/p>\n<p><strong>Din bakgrund<br><\/strong>Vi s\u00f6ker dig som har&nbsp;<\/p>\n<ul>\n<li>En gedigen bakgrund av industriautomation i n\u00e5got av leden fr\u00e5n konstruktion, byggnation, drifts\u00e4ttning samt mjukvara och support.<\/li>\n<li>Erfarenhet av maskinbyggnation.<\/li>\n<li>B-k\u00f6rkort \u00e4r ett krav.<\/li>\n<\/ul>\nTomas Pettersson<br><p><span style=\"color: var( --e-global-color-db3a19c ); font-size: 1rem;\">tp@wpmsweden.se<\/span><strong>&nbsp;<\/strong><\/p>\n<p><strong>Om dig<br><\/strong>Du \u00e4r en positiv och engagerad lagspelare. Du \u00e4r van vid att jobba strukturerat mot tidplan och budget. Vi ser g\u00e4rna att du \u00e4r praktiskt lagd, sj\u00e4lvg\u00e5ende, gillar att ha m\u00e5nga bollar i luften och \u00e4r bra p\u00e5 att g\u00f6ra egna prioriteringar.&nbsp;<span style=\"color: var( --e-global-color-db3a19c ); font-size: 1rem;\">Vi l\u00e4gger stor vikt vid din personlighet och f\u00f6rm\u00e5ga att kommunicera tydligt i alla situationer.&nbsp;<\/span><\/p>\n<p><strong>Placeringsort<\/strong><br>WPM Sweden i Halmstad.<\/p>\n<p><strong>Spr\u00e5k<br><\/strong><span style=\"color: var( --e-global-color-db3a19c ); font-size: 1rem;\">Svenska och engelska i tal och skrift. Tyska \u00e4r meriterande.<\/span><\/p>\n<p><b>Ans\u00f6kan och sista ans\u00f6kningsdag<\/b><br><span style=\"color: var( --e-global-color-db3a19c ); font-size: 1rem;\">Skicka din ans\u00f6kan senast m\u00e5ndag 27 februari till nedanst\u00e5ende adress.&nbsp;<\/span><span style=\"color: var( --e-global-color-db3a19c ); font-size: 1rem;\">Vi rekryterar l\u00f6pande och tj\u00e4nsten kan komma att tills\u00e4ttas innan ans\u00f6kningstiden har g\u00e5tt ut.&nbsp;<\/span><\/p>\n<p>Tomas Pettersson<br>tp@wpmsweden.se<br><\/p><\/div>\n\t\t\t\t\t\t\t\t\t<div class=\"elementor-tab-title elementor-tab-mobile-title\" aria-selected=\"false\" data-tab=\"2\" role=\"tab\" tabindex=\"-1\" aria-controls=\"elementor-tab-content-1392\" aria-expanded=\"false\">Servicetekniker<\/div>\n\t\t\t\t\t<div id=\"elementor-tab-content-1392\" class=\"elementor-tab-content elementor-clearfix\" data-tab=\"2\" role=\"tabpanel\" aria-labelledby=\"elementor-tab-title-1392\" tabindex=\"0\" hidden=\"hidden\"><h1>Servicetekniker<\/h1>\n<p>Som Servicetekniker hos WPM Sweden kommer du vara p\u00e5 en arbetsplats d\u00e4r du har m\u00f6jlighet till att utvecklas personligt, f\u00e5 jobba med ett f\u00f6retag som levererar tekniskt komplexa produkter i v\u00e4rldsklass.&nbsp;<\/p>\n<p><strong>Om rollen<br><\/strong>Du kommer ocks\u00e5 arbeta med att utf\u00f6ra service p\u00e5 kunds befintliga maskiner, installation, drifts\u00e4ttning av nya maskiner och \u00e4ven montering av maskiner i v\u00e5r lokal i Halmstad.&nbsp;<span style=\"color: var( --e-global-color-db3a19c ); font-size: 1rem;\">WPM Sweden h\u00e5ller p\u00e5 att ut\u00f6ka sin service hos sina kunder och \u00e4r i behov av en duktig mekaniker som vill ha ett intressant jobb med mycket utvecklingsm\u00f6jligheter, saknar du n\u00e5gon utbildning kommer vi att utbilda dig, men bra om du har nedanst\u00e5ende grund.&nbsp;<\/span><\/p>\n<p><b>Din bakgrund<\/b><br>Vi s\u00f6ker dig som har&nbsp;<\/p>\n<ul>\n<li>Arbetserfarenhet inom drifts\u00e4ttning, ritningsl\u00e4sning och har en del el-kunskaper med dig<\/li>\n<li>Gillar tekniska utmaningar.<\/li>\n<li>Tycker om att resa, restid p\u00e5 cirka vecka i taget, kan bli n\u00e5got l\u00e4ngre om det \u00e4r en installation som ska g\u00f6ras. Resorna \u00e4r runt om i Norden men kan \u00e4ven f\u00f6rekomma i Europa.&nbsp;<\/li>\n<li>Kundbes\u00f6k \u2013 tycker om att hj\u00e4lpa kunden och att jobba med engagerade arbetskollegor.<\/li>\n<li>Du \u00e4r bra p\u00e5 att samarbeta men kan \u00e4ven arbeta sj\u00e4lvst\u00e4ndigt, ta egna beslut samt skapa och v\u00e5rda kundrelationer.<\/li>\n<li>B-K\u00f6rkort \u00e4r ett krav.<\/li>\n<\/ul>\n<p><strong>&nbsp;<\/strong><\/p>\n<p><strong>Om dig<br><\/strong>Vi l\u00e4gger stor vikt vid dina personliga egenskaper, d\u00e4r r\u00e4tt inst\u00e4llning \u00e4r av avg\u00f6rande betydelse. Viktigt att du har en f\u00f6rm\u00e5ga att kommunicera tydligt i alla situationer.&nbsp;<span style=\"color: var( --e-global-color-db3a19c ); font-size: 1rem;\">Du \u00e4r en positiv och engagerad lagspelare<\/span><\/p>\n<p><strong>Placeringsort<br><\/strong><span style=\"color: var( --e-global-color-db3a19c ); font-size: 1rem;\">WPM Sweden i Halmstad.<\/span><\/p>\n<p><strong>Spr\u00e5k<br><\/strong>Svenska och engelska i tal och skrift. Tyska \u00e4r meriterande.&nbsp;<\/p>\n<p><strong>Ans\u00f6kan och sista ans\u00f6kningsdag<br><\/strong><span style=\"color: var( --e-global-color-db3a19c ); font-size: 1rem;\">Skicka din ans\u00f6kan senast m\u00e5ndag 27 februari till nedanst\u00e5ende adress.&nbsp;<\/span><span style=\"color: var( --e-global-color-db3a19c ); font-size: 1rem;\">Vi rekryterar l\u00f6pande och tj\u00e4nsten kan komma att tills\u00e4ttas innan ans\u00f6kningstiden har g\u00e5tt ut.&nbsp;<\/span><\/p>\n<p>Tomas Olsson<\/p>\n<p>to@wpmsweden.se<\/p><\/div>\n\t\t\t\t\t\t\t<\/div>\n\t\t<\/div>\n\t\t\t\t\t\t<\/div>\n\t\t\t\t<\/div>\n\t\t\t\t\t<\/div>\n\t\t<\/div>\n\t\t\t\t\t<\/div>\n\t\t<\/section>\n\t\t\t\t<\/div>","protected":false},"excerpt":{"rendered":"<p>Work at WPM Automationsansvarig Servicetekniker Automationsansvarig Automationsansvarig Som automationsansvarig hos WPM Sweden \u00e4r det du som ansvarar f\u00f6r att v\u00e5ra produkter levererar optimalt ur ett automationstekniskt perspektiv. Allt ifr\u00e5n mjukvaruutveckling och elkonstruktion till sk\u00e5psbyggnation, installation och eftermarknad leds med dig i spetsen. Till din hj\u00e4lp har du ett antal underleverant\u00f6rer och medarbetare. V\u00e5r platta organisation [&hellip;]<\/p>\n","protected":false},"author":6,"featured_media":0,"parent":0,"menu_order":0,"comment_status":"closed","ping_status":"closed","template":"elementor_header_footer","meta":{"footnotes":""},"class_list":["post-904","page","type-page","status-publish","hentry"],"yoast_head":"<!-- This site is optimized with the Yoast SEO plugin v27.3 - https:\/\/yoast.com\/product\/yoast-seo-wordpress\/ -->\n<title>WPM Sweden - Work at WPM<\/title>\n<meta name=\"robots\" content=\"index, follow, max-snippet:-1, max-image-preview:large, max-video-preview:-1\" \/>\n<link rel=\"canonical\" href=\"https:\/\/wpmsweden.se\/sv\/work-at-wpm\/\" \/>\n<meta property=\"og:locale\" content=\"sv_SE\" \/>\n<meta property=\"og:type\" content=\"article\" \/>\n<meta property=\"og:title\" content=\"WPM Sweden - Work at WPM\" \/>\n<meta property=\"og:description\" content=\"Work at WPM Automationsansvarig Servicetekniker Automationsansvarig Automationsansvarig Som automationsansvarig hos WPM Sweden \u00e4r det du som ansvarar f\u00f6r att v\u00e5ra produkter levererar optimalt ur ett automationstekniskt perspektiv. Allt ifr\u00e5n mjukvaruutveckling och elkonstruktion till sk\u00e5psbyggnation, installation och eftermarknad leds med dig i spetsen. Till din hj\u00e4lp har du ett antal underleverant\u00f6rer och medarbetare. V\u00e5r platta organisation [&hellip;]\" \/>\n<meta property=\"og:url\" content=\"https:\/\/wpmsweden.se\/sv\/work-at-wpm\/\" \/>\n<meta property=\"og:site_name\" content=\"WPM Sweden\" \/>\n<meta property=\"article:modified_time\" content=\"2023-04-13T09:46:55+00:00\" \/>\n<meta name=\"twitter:card\" content=\"summary_large_image\" \/>\n<meta name=\"twitter:label1\" content=\"Ber\u00e4knad l\u00e4stid\" \/>\n\t<meta name=\"twitter:data1\" content=\"3 minuter\" \/>\n<script type=\"application\/ld+json\" class=\"yoast-schema-graph\">{\"@context\":\"https:\\\/\\\/schema.org\",\"@graph\":[{\"@type\":\"WebPage\",\"@id\":\"https:\\\/\\\/wpmsweden.se\\\/work-at-wpm\",\"url\":\"https:\\\/\\\/wpmsweden.se\\\/work-at-wpm\",\"name\":\"WPM Sweden - Work at WPM\",\"isPartOf\":{\"@id\":\"https:\\\/\\\/wpmsweden.se\\\/en\\\/#website\"},\"datePublished\":\"2021-02-21T12:01:19+00:00\",\"dateModified\":\"2023-04-13T09:46:55+00:00\",\"breadcrumb\":{\"@id\":\"https:\\\/\\\/wpmsweden.se\\\/work-at-wpm#breadcrumb\"},\"inLanguage\":\"sv-SE\",\"potentialAction\":[{\"@type\":\"ReadAction\",\"target\":[\"https:\\\/\\\/wpmsweden.se\\\/work-at-wpm\"]}]},{\"@type\":\"BreadcrumbList\",\"@id\":\"https:\\\/\\\/wpmsweden.se\\\/work-at-wpm#breadcrumb\",\"itemListElement\":[{\"@type\":\"ListItem\",\"position\":1,\"name\":\"Hem\",\"item\":\"https:\\\/\\\/wpmsweden.se\\\/\"},{\"@type\":\"ListItem\",\"position\":2,\"name\":\"Work at WPM\"}]},{\"@type\":\"WebSite\",\"@id\":\"https:\\\/\\\/wpmsweden.se\\\/en\\\/#website\",\"url\":\"https:\\\/\\\/wpmsweden.se\\\/en\\\/\",\"name\":\"WPM Sweden\",\"description\":\"Wood Processing Machinery\",\"publisher\":{\"@id\":\"https:\\\/\\\/wpmsweden.se\\\/en\\\/#organization\"},\"potentialAction\":[{\"@type\":\"SearchAction\",\"target\":{\"@type\":\"EntryPoint\",\"urlTemplate\":\"https:\\\/\\\/wpmsweden.se\\\/en\\\/?s={search_term_string}\"},\"query-input\":{\"@type\":\"PropertyValueSpecification\",\"valueRequired\":true,\"valueName\":\"search_term_string\"}}],\"inLanguage\":\"sv-SE\"},{\"@type\":\"Organization\",\"@id\":\"https:\\\/\\\/wpmsweden.se\\\/en\\\/#organization\",\"name\":\"WPM Sweden\",\"url\":\"https:\\\/\\\/wpmsweden.se\\\/en\\\/\",\"logo\":{\"@type\":\"ImageObject\",\"inLanguage\":\"sv-SE\",\"@id\":\"https:\\\/\\\/wpmsweden.se\\\/en\\\/#\\\/schema\\\/logo\\\/image\\\/\",\"url\":\"https:\\\/\\\/wpmsweden.se\\\/wp-content\\\/uploads\\\/2021\\\/02\\\/logo.svg\",\"contentUrl\":\"https:\\\/\\\/wpmsweden.se\\\/wp-content\\\/uploads\\\/2021\\\/02\\\/logo.svg\",\"width\":1,\"height\":1,\"caption\":\"WPM Sweden\"},\"image\":{\"@id\":\"https:\\\/\\\/wpmsweden.se\\\/en\\\/#\\\/schema\\\/logo\\\/image\\\/\"}}]}<\/script>\n<!-- \/ Yoast SEO plugin. -->","yoast_head_json":{"title":"WPM Sweden - Work at WPM","robots":{"index":"index","follow":"follow","max-snippet":"max-snippet:-1","max-image-preview":"max-image-preview:large","max-video-preview":"max-video-preview:-1"},"canonical":"https:\/\/wpmsweden.se\/sv\/work-at-wpm\/","og_locale":"sv_SE","og_type":"article","og_title":"WPM Sweden - Work at WPM","og_description":"Work at WPM Automationsansvarig Servicetekniker Automationsansvarig Automationsansvarig Som automationsansvarig hos WPM Sweden \u00e4r det du som ansvarar f\u00f6r att v\u00e5ra produkter levererar optimalt ur ett automationstekniskt perspektiv. Allt ifr\u00e5n mjukvaruutveckling och elkonstruktion till sk\u00e5psbyggnation, installation och eftermarknad leds med dig i spetsen. Till din hj\u00e4lp har du ett antal underleverant\u00f6rer och medarbetare. V\u00e5r platta organisation [&hellip;]","og_url":"https:\/\/wpmsweden.se\/sv\/work-at-wpm\/","og_site_name":"WPM Sweden","article_modified_time":"2023-04-13T09:46:55+00:00","twitter_card":"summary_large_image","twitter_misc":{"Ber\u00e4knad l\u00e4stid":"3 minuter"},"schema":{"@context":"https:\/\/schema.org","@graph":[{"@type":"WebPage","@id":"https:\/\/wpmsweden.se\/work-at-wpm","url":"https:\/\/wpmsweden.se\/work-at-wpm","name":"WPM Sweden - Work at WPM","isPartOf":{"@id":"https:\/\/wpmsweden.se\/en\/#website"},"datePublished":"2021-02-21T12:01:19+00:00","dateModified":"2023-04-13T09:46:55+00:00","breadcrumb":{"@id":"https:\/\/wpmsweden.se\/work-at-wpm#breadcrumb"},"inLanguage":"sv-SE","potentialAction":[{"@type":"ReadAction","target":["https:\/\/wpmsweden.se\/work-at-wpm"]}]},{"@type":"BreadcrumbList","@id":"https:\/\/wpmsweden.se\/work-at-wpm#breadcrumb","itemListElement":[{"@type":"ListItem","position":1,"name":"Hem","item":"https:\/\/wpmsweden.se\/"},{"@type":"ListItem","position":2,"name":"Work at WPM"}]},{"@type":"WebSite","@id":"https:\/\/wpmsweden.se\/en\/#website","url":"https:\/\/wpmsweden.se\/en\/","name":"WPM Sweden","description":"Wood Processing Machinery","publisher":{"@id":"https:\/\/wpmsweden.se\/en\/#organization"},"potentialAction":[{"@type":"SearchAction","target":{"@type":"EntryPoint","urlTemplate":"https:\/\/wpmsweden.se\/en\/?s={search_term_string}"},"query-input":{"@type":"PropertyValueSpecification","valueRequired":true,"valueName":"search_term_string"}}],"inLanguage":"sv-SE"},{"@type":"Organization","@id":"https:\/\/wpmsweden.se\/en\/#organization","name":"WPM Sweden","url":"https:\/\/wpmsweden.se\/en\/","logo":{"@type":"ImageObject","inLanguage":"sv-SE","@id":"https:\/\/wpmsweden.se\/en\/#\/schema\/logo\/image\/","url":"https:\/\/wpmsweden.se\/wp-content\/uploads\/2021\/02\/logo.svg","contentUrl":"https:\/\/wpmsweden.se\/wp-content\/uploads\/2021\/02\/logo.svg","width":1,"height":1,"caption":"WPM Sweden"},"image":{"@id":"https:\/\/wpmsweden.se\/en\/#\/schema\/logo\/image\/"}}]}},"_links":{"self":[{"href":"https:\/\/wpmsweden.se\/sv\/wp-json\/wp\/v2\/pages\/904","targetHints":{"allow":["GET"]}}],"collection":[{"href":"https:\/\/wpmsweden.se\/sv\/wp-json\/wp\/v2\/pages"}],"about":[{"href":"https:\/\/wpmsweden.se\/sv\/wp-json\/wp\/v2\/types\/page"}],"author":[{"embeddable":true,"href":"https:\/\/wpmsweden.se\/sv\/wp-json\/wp\/v2\/users\/6"}],"replies":[{"embeddable":true,"href":"https:\/\/wpmsweden.se\/sv\/wp-json\/wp\/v2\/comments?post=904"}],"version-history":[{"count":27,"href":"https:\/\/wpmsweden.se\/sv\/wp-json\/wp\/v2\/pages\/904\/revisions"}],"predecessor-version":[{"id":1336,"href":"https:\/\/wpmsweden.se\/sv\/wp-json\/wp\/v2\/pages\/904\/revisions\/1336"}],"wp:attachment":[{"href":"https:\/\/wpmsweden.se\/sv\/wp-json\/wp\/v2\/media?parent=904"}],"curies":[{"name":"wp","href":"https:\/\/api.w.org\/{rel}","templated":true}]}}